{"id":61,"date":"2016-07-11T14:25:25","date_gmt":"2016-07-11T14:25:25","guid":{"rendered":"http:\/\/www.versicherung-ms.de\/?page_id=61"},"modified":"2016-07-11T14:25:25","modified_gmt":"2016-07-11T14:25:25","slug":"sachversicherung","status":"publish","type":"page","link":"https:\/\/www.versicherung-ms.de\/?page_id=61","title":{"rendered":"Sachversicherung"},"content":{"rendered":"<p><strong>Sachversicherungen<\/strong> sind alle Versicherungen, durch die nach individuellem Bedarf des Versicherungsnehmers Sachwerte versichert werden. Sie unterscheiden sich von den Personenversicherungen dadurch, dass sie nicht den Versicherungsnehmer selbst in seiner Gesundheit, seinem Leben oder seiner Arbeitskraft absichern, sondern einen sachlichen Bezug aufweisen. Die unterschiedlichen Haftpflichtversicherungen beispielsweise z\u00e4hlen zu den Sachversicherungen, auch wenn hier grunds\u00e4tzlich der Versicherungsnehmer gegen eventuelle Sch\u00e4den versichert ist. Die in dieser Versicherungssparte m\u00f6glichen Sch\u00e4den betreffen jedoch nicht seine eigene Person, sondern hier handelt es sich um Sch\u00e4den, die er vielleicht versehentlich verursachen \u2013 und daf\u00fcr haftbar gemacht werden k\u00f6nnte. Auch die Rechtsschutzversicherung z\u00e4hlt zu den Sachversicherungen, denn sie stellt sicher, dass die Interessen des Versicherungsnehmers vertreten werden, sofern im versicherten Bereich ein Rechtsstreit droht.<\/p>\n","protected":false},"excerpt":{"rendered":"<p>Sachversicherungen sind alle Versicherungen, durch die nach individuellem Bedarf des Versicherungsnehmers Sachwerte versichert werden. Sie unterscheiden sich von den Personenversicherungen dadurch, dass sie nicht den Versicherungsnehmer selbst in seiner Gesundheit, seinem Leben oder seiner Arbeitskraft absichern, sondern einen sachlichen Bezug aufweisen. Die unterschiedlichen Haftpflichtversicherungen beispielsweise z\u00e4hlen zu den Sachversicherungen, auch wenn hier grunds\u00e4tzlich der Versicherungsnehmer [&hellip;]<\/p>\n","protected":false},"author":1,"featured_media":0,"parent":36,"menu_order":0,"comment_status":"closed","ping_status":"closed","template":"","meta":[],"_links":{"self":[{"href":"https:\/\/www.versicherung-ms.de\/index.php?rest_route=\/wp\/v2\/pages\/61"}],"collection":[{"href":"https:\/\/www.versicherung-ms.de\/index.php?rest_route=\/wp\/v2\/pages"}],"about":[{"href":"https:\/\/www.versicherung-ms.de\/index.php?rest_route=\/wp\/v2\/types\/page"}],"author":[{"embeddable":true,"href":"https:\/\/www.versicherung-ms.de\/index.php?rest_route=\/wp\/v2\/users\/1"}],"replies":[{"embeddable":true,"href":"https:\/\/www.versicherung-ms.de\/index.php?rest_route=%2Fwp%2Fv2%2Fcomments&post=61"}],"version-history":[{"count":1,"href":"https:\/\/www.versicherung-ms.de\/index.php?rest_route=\/wp\/v2\/pages\/61\/revisions"}],"predecessor-version":[{"id":62,"href":"https:\/\/www.versicherung-ms.de\/index.php?rest_route=\/wp\/v2\/pages\/61\/revisions\/62"}],"up":[{"embeddable":true,"href":"https:\/\/www.versicherung-ms.de\/index.php?rest_route=\/wp\/v2\/pages\/36"}],"wp:attachment":[{"href":"https:\/\/www.versicherung-ms.de\/index.php?rest_route=%2Fwp%2Fv2%2Fmedia&parent=61"}],"curies":[{"name":"wp","href":"https:\/\/api.w.org\/{rel}","templated":true}]}}