{"id":57,"date":"2016-07-11T14:22:05","date_gmt":"2016-07-11T14:22:05","guid":{"rendered":"http:\/\/www.versicherung-ms.de\/?page_id=57"},"modified":"2016-07-11T14:47:35","modified_gmt":"2016-07-11T14:47:35","slug":"private-krankenversicherung","status":"publish","type":"page","link":"https:\/\/www.versicherung-ms.de\/?page_id=57","title":{"rendered":"Private Krankenversicherung"},"content":{"rendered":"<p>In Deutschland gibt es eine allgemeine Krankenversicherungspflicht. Dabei ist der Gro\u00dfteil der B\u00fcrger in den gesetzlichen Krankenkassen versichert.<\/p>\n<p>Bestimmte Berufsgruppen und Arbeitnehmer mit einem hohen Einkommen k\u00f6nnen allerdings stattdessen auch die <strong>private Krankenversicherung<\/strong> (PKV) w\u00e4hlen.<\/p>\n<p>Diese Versicherung bietet gegen\u00fcber der <strong>gesetzlichen Krankenversicherung<\/strong> (GKV) bessere Leistungen und ein anderes Beitragssystem.<\/p>\n","protected":false},"excerpt":{"rendered":"<p>In Deutschland gibt es eine allgemeine Krankenversicherungspflicht. Dabei ist der Gro\u00dfteil der B\u00fcrger in den gesetzlichen Krankenkassen versichert. Bestimmte Berufsgruppen und Arbeitnehmer mit einem hohen Einkommen k\u00f6nnen allerdings stattdessen auch die private Krankenversicherung (PKV) w\u00e4hlen. Diese Versicherung bietet gegen\u00fcber der gesetzlichen Krankenversicherung (GKV) bessere Leistungen und ein anderes Beitragssystem.<\/p>\n","protected":false},"author":1,"featured_media":0,"parent":36,"menu_order":0,"comment_status":"closed","ping_status":"closed","template":"","meta":[],"_links":{"self":[{"href":"https:\/\/www.versicherung-ms.de\/index.php?rest_route=\/wp\/v2\/pages\/57"}],"collection":[{"href":"https:\/\/www.versicherung-ms.de\/index.php?rest_route=\/wp\/v2\/pages"}],"about":[{"href":"https:\/\/www.versicherung-ms.de\/index.php?rest_route=\/wp\/v2\/types\/page"}],"author":[{"embeddable":true,"href":"https:\/\/www.versicherung-ms.de\/index.php?rest_route=\/wp\/v2\/users\/1"}],"replies":[{"embeddable":true,"href":"https:\/\/www.versicherung-ms.de\/index.php?rest_route=%2Fwp%2Fv2%2Fcomments&post=57"}],"version-history":[{"count":2,"href":"https:\/\/www.versicherung-ms.de\/index.php?rest_route=\/wp\/v2\/pages\/57\/revisions"}],"predecessor-version":[{"id":66,"href":"https:\/\/www.versicherung-ms.de\/index.php?rest_route=\/wp\/v2\/pages\/57\/revisions\/66"}],"up":[{"embeddable":true,"href":"https:\/\/www.versicherung-ms.de\/index.php?rest_route=\/wp\/v2\/pages\/36"}],"wp:attachment":[{"href":"https:\/\/www.versicherung-ms.de\/index.php?rest_route=%2Fwp%2Fv2%2Fmedia&parent=57"}],"curies":[{"name":"wp","href":"https:\/\/api.w.org\/{rel}","templated":true}]}}