{"id":2,"date":"2016-05-10T03:48:21","date_gmt":"2016-05-10T03:48:21","guid":{"rendered":"http:\/\/wp452m.a10-52-158-154.qa.plesk.ru\/wordpress\/?page_id=2"},"modified":"2023-01-23T18:12:11","modified_gmt":"2023-01-23T18:12:11","slug":"anfahrt","status":"publish","type":"page","link":"https:\/\/www.versicherung-ms.de\/","title":{"rendered":"Versicherungsmakler \u2013 Michael Schwarz"},"content":{"rendered":"<header class=\"entry-header\">\n<h5 class=\"entry-title\"><img decoding=\"async\" loading=\"lazy\" class=\"alignleft wp-image-74\" src=\"http:\/\/www.versicherung-ms.de\/wp-content\/uploads\/2016\/05\/20170131_100547-1-245x300.jpg\" alt=\"Michael Schwarz\" width=\"296\" height=\"363\" srcset=\"https:\/\/www.versicherung-ms.de\/wp-content\/uploads\/2016\/05\/20170131_100547-1-245x300.jpg 245w, https:\/\/www.versicherung-ms.de\/wp-content\/uploads\/2016\/05\/20170131_100547-1-768x939.jpg 768w, https:\/\/www.versicherung-ms.de\/wp-content\/uploads\/2016\/05\/20170131_100547-1-838x1024.jpg 838w, https:\/\/www.versicherung-ms.de\/wp-content\/uploads\/2016\/05\/20170131_100547-1-676x826.jpg 676w, https:\/\/www.versicherung-ms.de\/wp-content\/uploads\/2016\/05\/20170131_100547-1.jpg 2022w\" sizes=\"(max-width: 296px) 100vw, 296px\" \/><\/h5>\n<h5 class=\"entry-title\"><\/h5>\n<h5 class=\"entry-title\" style=\"text-align: left;\">Hier finden Sie die wichtigsten\u00a0Informationen zu unserem Maklerb\u00fcro\u00a0in Leipzig \u2013 B\u00f6hlitz-Ehrenberg.<\/h5>\n<h5 class=\"entry-title\" style=\"text-align: left;\">Dar\u00fcber hinaus erhalten Sie einen \u00dcberblick \u00fcber die verschiedenen Versicherungsangebote.<\/h5>\n<h5 class=\"entry-title\" style=\"text-align: left;\">Sollten Sie weitere Fragen haben, stehen mein Team und\u00a0 ich Ihnen gerne zur Verf\u00fcgung.<\/h5>\n<p style=\"text-align: left;\">\u00ad<\/p>\n<p style=\"text-align: left;\"><em>I<\/em><em>hr\u00a0Michael Schwarz<br \/>\nGesch\u00e4ftsf\u00fchrender Landesdirektor<\/em><\/p>\n<\/header>\n","protected":false},"excerpt":{"rendered":"<p>Hier finden Sie die wichtigsten\u00a0Informationen zu unserem Maklerb\u00fcro\u00a0in Leipzig \u2013 B\u00f6hlitz-Ehrenberg. Dar\u00fcber hinaus erhalten Sie einen \u00dcberblick \u00fcber die verschiedenen Versicherungsangebote. Sollten Sie weitere Fragen haben, stehen mein Team und\u00a0 ich Ihnen gerne zur Verf\u00fcgung. \u00ad Ihr\u00a0Michael Schwarz Gesch\u00e4ftsf\u00fchrender Landesdirektor<\/p>\n","protected":false},"author":1,"featured_media":0,"parent":0,"menu_order":0,"comment_status":"closed","ping_status":"closed","template":"","meta":[],"_links":{"self":[{"href":"https:\/\/www.versicherung-ms.de\/index.php?rest_route=\/wp\/v2\/pages\/2"}],"collection":[{"href":"https:\/\/www.versicherung-ms.de\/index.php?rest_route=\/wp\/v2\/pages"}],"about":[{"href":"https:\/\/www.versicherung-ms.de\/index.php?rest_route=\/wp\/v2\/types\/page"}],"author":[{"embeddable":true,"href":"https:\/\/www.versicherung-ms.de\/index.php?rest_route=\/wp\/v2\/users\/1"}],"replies":[{"embeddable":true,"href":"https:\/\/www.versicherung-ms.de\/index.php?rest_route=%2Fwp%2Fv2%2Fcomments&post=2"}],"version-history":[{"count":48,"href":"https:\/\/www.versicherung-ms.de\/index.php?rest_route=\/wp\/v2\/pages\/2\/revisions"}],"predecessor-version":[{"id":151,"href":"https:\/\/www.versicherung-ms.de\/index.php?rest_route=\/wp\/v2\/pages\/2\/revisions\/151"}],"wp:attachment":[{"href":"https:\/\/www.versicherung-ms.de\/index.php?rest_route=%2Fwp%2Fv2%2Fmedia&parent=2"}],"curies":[{"name":"wp","href":"https:\/\/api.w.org\/{rel}","templated":true}]}}