{"id":11,"date":"2016-07-11T12:22:41","date_gmt":"2016-07-11T12:22:41","guid":{"rendered":"http:\/\/versicherung-ms.de\/?page_id=11"},"modified":"2023-01-23T17:58:56","modified_gmt":"2023-01-23T17:58:56","slug":"anfahrt-2","status":"publish","type":"page","link":"https:\/\/www.versicherung-ms.de\/?page_id=11","title":{"rendered":"Anfahrt"},"content":{"rendered":"<h3 style=\"text-align: left;\">Maklerb\u00fcro Leipzig &#8211; B\u00f6hlitz-Ehrenberg<\/h3>\n<p style=\"text-align: left;\"><a href=\"https:\/\/goo.gl\/maps\/XnaAE4uJLPaBuE316\" target=\"_blank\" rel=\"noopener\">Gutenbergstra\u00dfe 25<br \/>\n04178 Leipzig<\/a><\/p>\n<p style=\"text-align: left;\"><\/p>\n","protected":false},"excerpt":{"rendered":"<p>Maklerb\u00fcro Leipzig &#8211; B\u00f6hlitz-Ehrenberg Gutenbergstra\u00dfe 25 04178 Leipzig<\/p>\n","protected":false},"author":1,"featured_media":0,"parent":0,"menu_order":0,"comment_status":"closed","ping_status":"closed","template":"","meta":[],"_links":{"self":[{"href":"https:\/\/www.versicherung-ms.de\/index.php?rest_route=\/wp\/v2\/pages\/11"}],"collection":[{"href":"https:\/\/www.versicherung-ms.de\/index.php?rest_route=\/wp\/v2\/pages"}],"about":[{"href":"https:\/\/www.versicherung-ms.de\/index.php?rest_route=\/wp\/v2\/types\/page"}],"author":[{"embeddable":true,"href":"https:\/\/www.versicherung-ms.de\/index.php?rest_route=\/wp\/v2\/users\/1"}],"replies":[{"embeddable":true,"href":"https:\/\/www.versicherung-ms.de\/index.php?rest_route=%2Fwp%2Fv2%2Fcomments&post=11"}],"version-history":[{"count":14,"href":"https:\/\/www.versicherung-ms.de\/index.php?rest_route=\/wp\/v2\/pages\/11\/revisions"}],"predecessor-version":[{"id":150,"href":"https:\/\/www.versicherung-ms.de\/index.php?rest_route=\/wp\/v2\/pages\/11\/revisions\/150"}],"wp:attachment":[{"href":"https:\/\/www.versicherung-ms.de\/index.php?rest_route=%2Fwp%2Fv2%2Fmedia&parent=11"}],"curies":[{"name":"wp","href":"https:\/\/api.w.org\/{rel}","templated":true}]}}